{"id":15204,"date":"2023-12-15T20:44:41","date_gmt":"2023-12-15T19:44:41","guid":{"rendered":"https:\/\/lucilebues.fr\/?page_id=15204"},"modified":"2024-06-02T12:09:45","modified_gmt":"2024-06-02T10:09:45","slug":"experte-en-art","status":"publish","type":"page","link":"https:\/\/lucilebues.fr\/?page_id=15204","title":{"rendered":"Experte en art"},"content":{"rendered":"<p>En 2020, j&rsquo;ai obtenu un dipl\u00f4me d&rsquo;experte en commercialisation et diffusion des \u0153uvres d&rsquo;art \u00e0 l&rsquo;IESA suite \u00e0 deux ans de Mast\u00e8re cumul\u00e9s \u00e0 un apprentissage \u00e0 la Librairie des Alpes. Actuellement, je manage plusieurs artistes autour de diff\u00e9rents projets et mets \u00e0 profit mon expertise dans les missions de communications li\u00e9es \u00e0 l&rsquo;art.<\/p><p>Les d\u00e9bouch\u00e9s suite \u00e0 ce dipl\u00f4me sont de directrice de galerie en passant par responsable de communication ou encore responsable de m\u00e9c\u00e9nat public. J&rsquo;ai, pour ma part, d\u00e9cid\u00e9 d&rsquo;aller sur le chemin de l&rsquo;expertise, de business developper en art et d&rsquo;agent d&rsquo;artiste.<\/p><p>D\u00e9couvrez les artistes dont je suis l&rsquo;agent <a href=\"https:\/\/lucilebues.fr\/experte-en-art\/les-artistes\/\">ici<\/a> et les expositions sur lesquelles j&rsquo;ai travaill\u00e9 sur <a href=\"https:\/\/lucilebues.fr\/commissariat-dexposition\/\">ce lien<\/a>.<\/p><p><\/p><p><\/p>","protected":false},"excerpt":{"rendered":"<p>En 2020, j&rsquo;ai obtenu un dipl\u00f4me d&rsquo;experte en commercialisation et diffusion des \u0153uvres d&rsquo;art \u00e0 l&rsquo;IESA suite \u00e0 deux ans de Mast\u00e8re cumul\u00e9s \u00e0 un apprentissage \u00e0 la Librairie des Alpes. Actuellement, je manage plusieurs artistes autour de diff\u00e9rents projets et mets \u00e0 profit mon expertise dans les missions de communications li\u00e9es \u00e0 l&rsquo;art. Les [&hellip;]<\/p>\n","protected":false},"author":2,"featured_media":0,"parent":0,"menu_order":0,"comment_status":"closed","ping_status":"closed","template":"","meta":{"jetpack_post_was_ever_published":false,"footnotes":""},"class_list":["post-15204","page","type-page","status-publish","hentry"],"yoast_head":"<!-- This site is optimized with the Yoast SEO plugin v25.1 - https:\/\/yoast.com\/wordpress\/plugins\/seo\/ -->\n<title>Experte en art - Lucile Bu\u00e8s<\/title>\n<meta name=\"description\" content=\"En 2020, j&#039;ai obtenu un dipl\u00f4me d&#039;experte en commercialisation et diffusion des \u0153uvres d&#039;art \u00e0 l&#039;IESA suite \u00e0 deux ans de Mast\u00e8re cumul\u00e9 \u00e0 un apprentissage. Actuellement, je manage plusieurs artistes autour de diff\u00e9rents projets et mets \u00e0 profit mon expertise dans les missions de communications li\u00e9es \u00e0 l&#039;art.\" \/>\n<meta name=\"robots\" content=\"index, follow, max-snippet:-1, max-image-preview:large, max-video-preview:-1\" \/>\n<link rel=\"canonical\" href=\"https:\/\/lucilebues.fr\/?page_id=15204\" \/>\n<meta property=\"og:locale\" content=\"fr_FR\" \/>\n<meta property=\"og:type\" content=\"article\" \/>\n<meta property=\"og:title\" content=\"Experte en art - Lucile Bu\u00e8s\" \/>\n<meta property=\"og:description\" content=\"En 2020, j&#039;ai obtenu un dipl\u00f4me d&#039;experte en commercialisation et diffusion des \u0153uvres d&#039;art \u00e0 l&#039;IESA suite \u00e0 deux ans de Mast\u00e8re cumul\u00e9 \u00e0 un apprentissage. Actuellement, je manage plusieurs artistes autour de diff\u00e9rents projets et mets \u00e0 profit mon expertise dans les missions de communications li\u00e9es \u00e0 l&#039;art.\" \/>\n<meta property=\"og:url\" content=\"https:\/\/lucilebues.fr\/?page_id=15204\" \/>\n<meta property=\"og:site_name\" content=\"Lucile Bu\u00e8s\" \/>\n<meta property=\"article:publisher\" content=\"https:\/\/www.facebook.com\/Lucile-Bu%c3%a8s-1707390866213707\" \/>\n<meta property=\"article:modified_time\" content=\"2024-06-02T10:09:45+00:00\" \/>\n<meta property=\"og:image\" content=\"https:\/\/i0.wp.com\/lucilebues.fr\/wp-content\/uploads\/2018\/12\/37004258_10211727811292679_4098867550350213120_n.jpg?fit=756%2C752&ssl=1\" \/>\n\t<meta property=\"og:image:width\" content=\"756\" \/>\n\t<meta property=\"og:image:height\" content=\"752\" \/>\n\t<meta property=\"og:image:type\" content=\"image\/jpeg\" \/>\n<meta name=\"twitter:card\" content=\"summary_large_image\" \/>\n<meta name=\"twitter:label1\" content=\"Dur\u00e9e de lecture estim\u00e9e\" \/>\n\t<meta name=\"twitter:data1\" content=\"1 minute\" \/>\n<script type=\"application\/ld+json\" class=\"yoast-schema-graph\">{\"@context\":\"https:\/\/schema.org\",\"@graph\":[{\"@type\":\"WebPage\",\"@id\":\"https:\/\/lucilebues.fr\/?page_id=15204\",\"url\":\"https:\/\/lucilebues.fr\/?page_id=15204\",\"name\":\"Experte en art - Lucile Bu\u00e8s\",\"isPartOf\":{\"@id\":\"https:\/\/lucilebues.fr\/#website\"},\"datePublished\":\"2023-12-15T19:44:41+00:00\",\"dateModified\":\"2024-06-02T10:09:45+00:00\",\"description\":\"En 2020, j'ai obtenu un dipl\u00f4me d'experte en commercialisation et diffusion des \u0153uvres d'art \u00e0 l'IESA suite \u00e0 deux ans de Mast\u00e8re cumul\u00e9 \u00e0 un apprentissage. Actuellement, je manage plusieurs artistes autour de diff\u00e9rents projets et mets \u00e0 profit mon expertise dans les missions de communications li\u00e9es \u00e0 l'art.\",\"breadcrumb\":{\"@id\":\"https:\/\/lucilebues.fr\/?page_id=15204#breadcrumb\"},\"inLanguage\":\"fr-FR\",\"potentialAction\":[{\"@type\":\"ReadAction\",\"target\":[\"https:\/\/lucilebues.fr\/?page_id=15204\"]}]},{\"@type\":\"BreadcrumbList\",\"@id\":\"https:\/\/lucilebues.fr\/?page_id=15204#breadcrumb\",\"itemListElement\":[{\"@type\":\"ListItem\",\"position\":1,\"name\":\"Accueil\",\"item\":\"https:\/\/lucilebues.fr\/\"},{\"@type\":\"ListItem\",\"position\":2,\"name\":\"Experte en art\"}]},{\"@type\":\"WebSite\",\"@id\":\"https:\/\/lucilebues.fr\/#website\",\"url\":\"https:\/\/lucilebues.fr\/\",\"name\":\"Lucile Bu\u00e8s\",\"description\":\"Communication, strat\u00e9gie et d\u00e9veloppement de projet\",\"publisher\":{\"@id\":\"https:\/\/lucilebues.fr\/#organization\"},\"potentialAction\":[{\"@type\":\"SearchAction\",\"target\":{\"@type\":\"EntryPoint\",\"urlTemplate\":\"https:\/\/lucilebues.fr\/?s={search_term_string}\"},\"query-input\":{\"@type\":\"PropertyValueSpecification\",\"valueRequired\":true,\"valueName\":\"search_term_string\"}}],\"inLanguage\":\"fr-FR\"},{\"@type\":\"Organization\",\"@id\":\"https:\/\/lucilebues.fr\/#organization\",\"name\":\"Lucile Bu\u00e8s\",\"url\":\"https:\/\/lucilebues.fr\/\",\"logo\":{\"@type\":\"ImageObject\",\"inLanguage\":\"fr-FR\",\"@id\":\"https:\/\/lucilebues.fr\/#\/schema\/logo\/image\/\",\"url\":\"https:\/\/i0.wp.com\/lucilebues.fr\/wp-content\/uploads\/2023\/01\/LucileBues_Logo_RVB.png?fit=1507%2C1142&ssl=1\",\"contentUrl\":\"https:\/\/i0.wp.com\/lucilebues.fr\/wp-content\/uploads\/2023\/01\/LucileBues_Logo_RVB.png?fit=1507%2C1142&ssl=1\",\"width\":1507,\"height\":1142,\"caption\":\"Lucile Bu\u00e8s\"},\"image\":{\"@id\":\"https:\/\/lucilebues.fr\/#\/schema\/logo\/image\/\"},\"sameAs\":[\"https:\/\/www.facebook.com\/Lucile-Bu\u00e8s-1707390866213707\",\"https:\/\/instagram.com\/lucilebues\"]}]}<\/script>\n<!-- \/ Yoast SEO plugin. -->","yoast_head_json":{"title":"Experte en art - Lucile Bu\u00e8s","description":"En 2020, j'ai obtenu un dipl\u00f4me d'experte en commercialisation et diffusion des \u0153uvres d'art \u00e0 l'IESA suite \u00e0 deux ans de Mast\u00e8re cumul\u00e9 \u00e0 un apprentissage. Actuellement, je manage plusieurs artistes autour de diff\u00e9rents projets et mets \u00e0 profit mon expertise dans les missions de communications li\u00e9es \u00e0 l'art.","robots":{"index":"index","follow":"follow","max-snippet":"max-snippet:-1","max-image-preview":"max-image-preview:large","max-video-preview":"max-video-preview:-1"},"canonical":"https:\/\/lucilebues.fr\/?page_id=15204","og_locale":"fr_FR","og_type":"article","og_title":"Experte en art - Lucile Bu\u00e8s","og_description":"En 2020, j'ai obtenu un dipl\u00f4me d'experte en commercialisation et diffusion des \u0153uvres d'art \u00e0 l'IESA suite \u00e0 deux ans de Mast\u00e8re cumul\u00e9 \u00e0 un apprentissage. Actuellement, je manage plusieurs artistes autour de diff\u00e9rents projets et mets \u00e0 profit mon expertise dans les missions de communications li\u00e9es \u00e0 l'art.","og_url":"https:\/\/lucilebues.fr\/?page_id=15204","og_site_name":"Lucile Bu\u00e8s","article_publisher":"https:\/\/www.facebook.com\/Lucile-Bu%c3%a8s-1707390866213707","article_modified_time":"2024-06-02T10:09:45+00:00","og_image":[{"width":756,"height":752,"url":"https:\/\/i0.wp.com\/lucilebues.fr\/wp-content\/uploads\/2018\/12\/37004258_10211727811292679_4098867550350213120_n.jpg?fit=756%2C752&ssl=1","type":"image\/jpeg"}],"twitter_card":"summary_large_image","twitter_misc":{"Dur\u00e9e de lecture estim\u00e9e":"1 minute"},"schema":{"@context":"https:\/\/schema.org","@graph":[{"@type":"WebPage","@id":"https:\/\/lucilebues.fr\/?page_id=15204","url":"https:\/\/lucilebues.fr\/?page_id=15204","name":"Experte en art - Lucile Bu\u00e8s","isPartOf":{"@id":"https:\/\/lucilebues.fr\/#website"},"datePublished":"2023-12-15T19:44:41+00:00","dateModified":"2024-06-02T10:09:45+00:00","description":"En 2020, j'ai obtenu un dipl\u00f4me d'experte en commercialisation et diffusion des \u0153uvres d'art \u00e0 l'IESA suite \u00e0 deux ans de Mast\u00e8re cumul\u00e9 \u00e0 un apprentissage. Actuellement, je manage plusieurs artistes autour de diff\u00e9rents projets et mets \u00e0 profit mon expertise dans les missions de communications li\u00e9es \u00e0 l'art.","breadcrumb":{"@id":"https:\/\/lucilebues.fr\/?page_id=15204#breadcrumb"},"inLanguage":"fr-FR","potentialAction":[{"@type":"ReadAction","target":["https:\/\/lucilebues.fr\/?page_id=15204"]}]},{"@type":"BreadcrumbList","@id":"https:\/\/lucilebues.fr\/?page_id=15204#breadcrumb","itemListElement":[{"@type":"ListItem","position":1,"name":"Accueil","item":"https:\/\/lucilebues.fr\/"},{"@type":"ListItem","position":2,"name":"Experte en art"}]},{"@type":"WebSite","@id":"https:\/\/lucilebues.fr\/#website","url":"https:\/\/lucilebues.fr\/","name":"Lucile Bu\u00e8s","description":"Communication, strat\u00e9gie et d\u00e9veloppement de projet","publisher":{"@id":"https:\/\/lucilebues.fr\/#organization"},"potentialAction":[{"@type":"SearchAction","target":{"@type":"EntryPoint","urlTemplate":"https:\/\/lucilebues.fr\/?s={search_term_string}"},"query-input":{"@type":"PropertyValueSpecification","valueRequired":true,"valueName":"search_term_string"}}],"inLanguage":"fr-FR"},{"@type":"Organization","@id":"https:\/\/lucilebues.fr\/#organization","name":"Lucile Bu\u00e8s","url":"https:\/\/lucilebues.fr\/","logo":{"@type":"ImageObject","inLanguage":"fr-FR","@id":"https:\/\/lucilebues.fr\/#\/schema\/logo\/image\/","url":"https:\/\/i0.wp.com\/lucilebues.fr\/wp-content\/uploads\/2023\/01\/LucileBues_Logo_RVB.png?fit=1507%2C1142&ssl=1","contentUrl":"https:\/\/i0.wp.com\/lucilebues.fr\/wp-content\/uploads\/2023\/01\/LucileBues_Logo_RVB.png?fit=1507%2C1142&ssl=1","width":1507,"height":1142,"caption":"Lucile Bu\u00e8s"},"image":{"@id":"https:\/\/lucilebues.fr\/#\/schema\/logo\/image\/"},"sameAs":["https:\/\/www.facebook.com\/Lucile-Bu\u00e8s-1707390866213707","https:\/\/instagram.com\/lucilebues"]}]}},"jetpack_sharing_enabled":true,"jetpack_shortlink":"https:\/\/wp.me\/PayqcE-3Xe","jetpack-related-posts":[],"_links":{"self":[{"href":"https:\/\/lucilebues.fr\/index.php?rest_route=\/wp\/v2\/pages\/15204"}],"collection":[{"href":"https:\/\/lucilebues.fr\/index.php?rest_route=\/wp\/v2\/pages"}],"about":[{"href":"https:\/\/lucilebues.fr\/index.php?rest_route=\/wp\/v2\/types\/page"}],"author":[{"embeddable":true,"href":"https:\/\/lucilebues.fr\/index.php?rest_route=\/wp\/v2\/users\/2"}],"replies":[{"embeddable":true,"href":"https:\/\/lucilebues.fr\/index.php?rest_route=%2Fwp%2Fv2%2Fcomments&post=15204"}],"version-history":[{"count":19,"href":"https:\/\/lucilebues.fr\/index.php?rest_route=\/wp\/v2\/pages\/15204\/revisions"}],"predecessor-version":[{"id":15464,"href":"https:\/\/lucilebues.fr\/index.php?rest_route=\/wp\/v2\/pages\/15204\/revisions\/15464"}],"wp:attachment":[{"href":"https:\/\/lucilebues.fr\/index.php?rest_route=%2Fwp%2Fv2%2Fmedia&parent=15204"}],"curies":[{"name":"wp","href":"https:\/\/api.w.org\/{rel}","templated":true}]}}